{"id":270,"date":"2021-08-23T12:14:35","date_gmt":"2021-08-23T10:14:35","guid":{"rendered":"https:\/\/www.tognotti.net\/?page_id=270"},"modified":"2021-09-30T08:55:28","modified_gmt":"2021-09-30T06:55:28","slug":"privacy","status":"publish","type":"page","link":"https:\/\/www.tognotti.net\/eng\/privacy\/","title":{"rendered":"privacy"},"content":{"rendered":"<p>[et_pb_section fb_built=&#8221;1&#8243; fullwidth=&#8221;on&#8221; _builder_version=&#8221;3.22&#8243;][et_pb_fullwidth_header title=&#8221;POLICY&#8221; text_orientation=&#8221;center&#8221; _builder_version=&#8221;4.9.7&#8243; title_font=&#8221;Montserrat|700|||||||&#8221; title_text_color=&#8221;#bb9c75&#8243; title_font_size=&#8221;35px&#8221; background_blend=&#8221;multiply&#8221; vertical_offset_tablet=&#8221;0&#8243; horizontal_offset_tablet=&#8221;0&#8243; z_index_tablet=&#8221;0&#8243; title_text_shadow_horizontal_length_tablet=&#8221;0px&#8221; title_text_shadow_vertical_length_tablet=&#8221;0px&#8221; title_text_shadow_blur_strength_tablet=&#8221;1px&#8221; content_text_shadow_horizontal_length_tablet=&#8221;0px&#8221; content_text_shadow_vertical_length_tablet=&#8221;0px&#8221; content_text_shadow_blur_strength_tablet=&#8221;1px&#8221; subhead_text_shadow_horizontal_length_tablet=&#8221;0px&#8221; subhead_text_shadow_vertical_length_tablet=&#8221;0px&#8221; subhead_text_shadow_blur_strength_tablet=&#8221;1px&#8221; content_link_text_shadow_horizontal_length_tablet=&#8221;0px&#8221; content_link_text_shadow_vertical_length_tablet=&#8221;0px&#8221; content_link_text_shadow_blur_strength_tablet=&#8221;1px&#8221; content_ul_text_shadow_horizontal_length_tablet=&#8221;0px&#8221; content_ul_text_shadow_vertical_length_tablet=&#8221;0px&#8221; content_ul_text_shadow_blur_strength_tablet=&#8221;1px&#8221; content_ol_text_shadow_horizontal_length_tablet=&#8221;0px&#8221; content_ol_text_shadow_vertical_length_tablet=&#8221;0px&#8221; content_ol_text_shadow_blur_strength_tablet=&#8221;1px&#8221; content_quote_text_shadow_horizontal_length_tablet=&#8221;0px&#8221; content_quote_text_shadow_vertical_length_tablet=&#8221;0px&#8221; content_quote_text_shadow_blur_strength_tablet=&#8221;1px&#8221; button_one_text_shadow_horizontal_length_tablet=&#8221;0px&#8221; button_one_text_shadow_vertical_length_tablet=&#8221;0px&#8221; button_one_text_shadow_blur_strength_tablet=&#8221;1px&#8221; button_two_text_shadow_horizontal_length_tablet=&#8221;0px&#8221; button_two_text_shadow_vertical_length_tablet=&#8221;0px&#8221; button_two_text_shadow_blur_strength_tablet=&#8221;1px&#8221; box_shadow_horizontal_tablet=&#8221;0px&#8221; box_shadow_vertical_tablet=&#8221;0px&#8221; box_shadow_blur_tablet=&#8221;40px&#8221; box_shadow_spread_tablet=&#8221;0px&#8221; box_shadow_horizontal_image_tablet=&#8221;0px&#8221; box_shadow_vertical_image_tablet=&#8221;0px&#8221; box_shadow_blur_image_tablet=&#8221;40px&#8221; box_shadow_spread_image_tablet=&#8221;0px&#8221; box_shadow_horizontal_button_one_tablet=&#8221;0px&#8221; box_shadow_vertical_button_one_tablet=&#8221;0px&#8221; box_shadow_blur_button_one_tablet=&#8221;40px&#8221; box_shadow_spread_button_one_tablet=&#8221;0px&#8221; box_shadow_horizontal_button_two_tablet=&#8221;0px&#8221; box_shadow_vertical_button_two_tablet=&#8221;0px&#8221; box_shadow_blur_button_two_tablet=&#8221;40px&#8221; box_shadow_spread_button_two_tablet=&#8221;0px&#8221; text_shadow_horizontal_length_tablet=&#8221;0px&#8221; text_shadow_vertical_length_tablet=&#8221;0px&#8221; text_shadow_blur_strength_tablet=&#8221;1px&#8221;][\/et_pb_fullwidth_header][\/et_pb_section][et_pb_section fb_built=&#8221;1&#8243; _builder_version=&#8221;3.22&#8243;][et_pb_row _builder_version=&#8221;3.25&#8243; background_size=&#8221;initial&#8221; background_position=&#8221;top_left&#8221; background_repeat=&#8221;repeat&#8221; column_structure=&#8221;1_5,3_5,1_5&#8243;][et_pb_column type=&#8221;1_5&#8243; _builder_version=&#8221;3.0.47&#8243; custom_padding=&#8221;|||&#8221; custom_padding__hover=&#8221;|||&#8221;][\/et_pb_column][et_pb_column type=&#8221;3_5&#8243; _builder_version=&#8221;3.0.47&#8243; custom_padding=&#8221;|||&#8221; custom_padding__hover=&#8221;|||&#8221;][et_pb_text _builder_version=&#8221;4.9.7&#8243; vertical_offset_tablet=&#8221;0&#8243; horizontal_offset_tablet=&#8221;0&#8243; text_orientation=&#8221;center&#8221; animation_style=&#8221;slide&#8221; z_index_tablet=&#8221;0&#8243; text_text_shadow_horizontal_length_tablet=&#8221;0px&#8221; text_text_shadow_vertical_length_tablet=&#8221;0px&#8221; text_text_shadow_blur_strength_tablet=&#8221;1px&#8221; link_text_shadow_horizontal_length_tablet=&#8221;0px&#8221; link_text_shadow_vertical_length_tablet=&#8221;0px&#8221; link_text_shadow_blur_strength_tablet=&#8221;1px&#8221; ul_text_shadow_horizontal_length_tablet=&#8221;0px&#8221; ul_text_shadow_vertical_length_tablet=&#8221;0px&#8221; ul_text_shadow_blur_strength_tablet=&#8221;1px&#8221; ol_text_shadow_horizontal_length_tablet=&#8221;0px&#8221; ol_text_shadow_vertical_length_tablet=&#8221;0px&#8221; ol_text_shadow_blur_strength_tablet=&#8221;1px&#8221; quote_text_shadow_horizontal_length_tablet=&#8221;0px&#8221; quote_text_shadow_vertical_length_tablet=&#8221;0px&#8221; quote_text_shadow_blur_strength_tablet=&#8221;1px&#8221; header_text_shadow_horizontal_length_tablet=&#8221;0px&#8221; header_text_shadow_vertical_length_tablet=&#8221;0px&#8221; header_text_shadow_blur_strength_tablet=&#8221;1px&#8221; header_2_text_shadow_horizontal_length_tablet=&#8221;0px&#8221; header_2_text_shadow_vertical_length_tablet=&#8221;0px&#8221; header_2_text_shadow_blur_strength_tablet=&#8221;1px&#8221; header_3_text_shadow_horizontal_length_tablet=&#8221;0px&#8221; header_3_text_shadow_vertical_length_tablet=&#8221;0px&#8221; header_3_text_shadow_blur_strength_tablet=&#8221;1px&#8221; header_4_text_shadow_horizontal_length_tablet=&#8221;0px&#8221; header_4_text_shadow_vertical_length_tablet=&#8221;0px&#8221; header_4_text_shadow_blur_strength_tablet=&#8221;1px&#8221; header_5_text_shadow_horizontal_length_tablet=&#8221;0px&#8221; header_5_text_shadow_vertical_length_tablet=&#8221;0px&#8221; header_5_text_shadow_blur_strength_tablet=&#8221;1px&#8221; header_6_text_shadow_horizontal_length_tablet=&#8221;0px&#8221; header_6_text_shadow_vertical_length_tablet=&#8221;0px&#8221; header_6_text_shadow_blur_strength_tablet=&#8221;1px&#8221; box_shadow_horizontal_tablet=&#8221;0px&#8221; box_shadow_vertical_tablet=&#8221;0px&#8221; box_shadow_blur_tablet=&#8221;40px&#8221; box_shadow_spread_tablet=&#8221;0px&#8221;]<\/p>\n<p><strong>PRIVACY<\/strong><br \/>Titolare del trattamento dei dati \u00e8:<br \/><strong>TOGNOTTI &amp; C. SRL<\/strong><br \/>VIA DELLE CATERATTE 90\/14<br \/>57122 LIVORNO ITALIA<br \/>P.IVA 00749160495<\/p>\n<p>Sulla base dei diritti di cui all\u2019Art. 7 D.Lgs. 196\/2003 e nel rispetto dell\u2019Art. 13 del Regolamento UE 2016\/679 \u2013 Regolamento Generale Protezione Dati, l\u2019interessato ha diritto di ottenere l\u2019indicazione dell\u2019origine dei dati personali; delle finalit\u00e0 e modalit\u00e0 del trattamento; della logica applicata in caso di trattamento effettuato con l\u2019ausilio di strumenti elettronici; degli estremi identificativi del titolare, dei responsabili e dei soggetti o delle categorie di soggetti ai quali i dati personali possono essere comunicati o che possono venirne a conoscenza in qualit\u00e0 di responsabili o incaricati. L\u2019interessato ha diritto di ottenere l\u2019aggiornamento, la rettificazione ovvero, quando vi ha interesse, l\u2019integrazione dei dati; la cancellazione, la trasformazione in forma anonima o il blocco dei dati trattati in violazione di legge, compresi quelli di cui non \u00e8 necessaria la conservazione in relazione agli scopi per i quali i dati sono stati raccolti o successivamente trattati; l\u2019attestazione che le operazioni di cui sopra sono state portate a conoscenza, anche per quanto riguarda il loro contenuto, di coloro ai quali i dati sono stati comunicati o diffusi, eccettuato il caso in cui tale adempimento si rivela impossibile o comporta un impiego di mezzi manifestamente sproporzionato rispetto al diritto tutelato. L\u2019interessato ha diritto di opporsi, in tutto o in parte: per motivi legittimi al trattamento dei dati personali che lo riguardano, ancorch\u00e9 pertinenti allo scopo della raccolta; al trattamento di dati personali che lo riguardano a fini di marketing. Il diritto di opposizione dell\u2019interessato al trattamento dei dati per le finalit\u00e0 di marketing effettuato con modalit\u00e0 automatizzate di contatto si estende a quelle tradizionali, restando salva per l\u2019interessato la possibilit\u00e0 di esercitare tale diritto in tutto o in parte, ossia opponendosi, ad esempio, al solo invio di comunicazioni promozionali effettuato tramite strumenti automatizzati.<\/p>\n<p>Per l\u2019esercizio di questi diritti l\u2019interessato pu\u00f2 rivolgersi scrivendo a <strong>info@tognotti.net<\/strong><\/p>\n<p><strong>COOKIES<\/strong><br \/>I Cookie sono costituiti da porzioni di codice installate all\u2019interno del browser. Si tratta di piccoli file di testo che i siti visitati dagli utenti inviano ai loro terminali, dove vengono memorizzati per poi essere ritrasmessi agli stessi siti in occasione di visite successive. I Cookie sono utilizzati per diverse finalit\u00e0, hanno diverse peculiarit\u00e0 e possono essere utilizzati sia dal titolare del sito che l\u2019Utente sta visitando, sia da terze parti. Le principali categorie in cui sono suddivisibili i Cookie sono le seguenti:<br \/>\u2013 Cookie di sessione o permanenti<br \/>\u2013 Cookie tecnici o di profilazione<br \/>\u2013 Cookie di prime parti o di terze parti<\/p>\n<p>COOKIE DI SESSIONE E PERMANENTI<br \/>I Cookie possono scadere al termine di una sessione del browser (il periodo fra l\u2019apertura di una finestra del browser da parte dell\u2019Utente e la sua chiusura) oppure possono essere conservati per un arco di tempo pi\u00f9 lungo. I Cookie di sessione sono quelli che consentono ai siti web di collegare le azioni di un utente durante una sessione del browser. I Cookie di sessione scadono quando termina la sessione del browser. I Cookie permanenti sono conservati sul dispositivo di un utente tra le sessioni del browser, per periodi di tempo variabili, e permettono di memorizzare le preferenze o le azioni dell\u2019Utente rispetto a un sito web.<\/p>\n<p>COOKIE TECNICI E DI PROFILAZIONE<br \/>I Cookie tecnici sono quelli utilizzati dal titolare di un sito al solo fine di effettuare la trasmissione di una comunicazione su una rete di comunicazione elettronica, o nella misura strettamente necessaria al fornitore di un servizio della societ\u00e0 dell\u2019informazione esplicitamente richiesto dall\u2019abbonato o dall\u2019Utente a erogare tale servizio. Per l\u2019installazione di tali Cookie non \u00e8 richiesto il preventivo consenso degli Utenti laddove utilizzati direttamente dal gestore del sito.<br \/>I Cookie di profilazione sono volti a creare profili relativi all\u2019Utente e vengono utilizzati al fine di inviare messaggi pubblicitari in linea con le preferenze manifestate dallo stesso nell\u2019ambito della navigazione in rete. In ragione della particolare invasivit\u00e0 che tali Cookie possono avere nell\u2019ambito della sfera privata degli Utenti, la normativa europea e italiana prevede che l\u2019Utente debba essere adeguatamente informato sull\u2019uso degli stessi, tramite una informativa breve (banner) ed una estesa presente sul sito, e che debba esprimere il proprio espresso consenso al riguardo la prima volta che visita il sito. Tale consenso pu\u00f2 essere espresso in maniera generale, interagendo con il banner di informativa breve presente sulla pagina di approdo del sito, con le modalit\u00e0 indicate in tale banner, oppure pu\u00f2 essere fornito o negato in maniera selettiva, secondo le modalit\u00e0 di seguito indicate. Di questo consenso, viene tenuta traccia in occasione delle visite successive. Tuttavia, l\u2019Utente ha sempre la possibilit\u00e0 di revocare in tutto o in parte il consenso gi\u00e0 espresso.<\/p>\n<p>COOKIE DI PRIMA PARTE E DI TERZE PARTI<br \/>Un Cookie \u00e8 \u201cdi prima parte\u201d (c.d. first party cookie) o \u201cdi terze parti\u201d (c.d. third party cookie) in base al sito web o al dominio da cui proviene.<\/p>\n<p><strong>UTILIZZO DEI COOKIE DA PARTE DEL PRESENTE SITO<\/strong><\/p>\n<p>Qui di seguito, il titolare:<br \/><strong>TOGNOTTI &amp; C. SRL<\/strong><br \/>VIA DELLE CATERATTE 90\/14<br \/>57122 LIVORNO ITALIA<br \/>P.IVA 00749160495 (di seguito, per brevit\u00e0, \u201cTitolare\u201d), fornisce all\u2019Utente tutte le informazioni sui Cookie installati attraverso questo sito e le indicazioni necessarie su come gestire le proprie preferenze riguardo ad essi.<br \/>Il Titolare informa altres\u00ec gli Utenti che la presente Cookie policy si inquadra nell\u2019ambito delle singole privacy policy di ciascun sito facente parte dello spazio web, disponibile nella sezione \u201cprivacy\u201d di tali siti, ove gli Utenti potranno acquisite tutte le informazioni richieste dall\u2019Art. 13 D.Lgs. 196\/2003 e dall\u2019Art. 13 del Regolamento UE 2016\/679 \u2013 Regolamento Generale Protezione Dati (di seguito, per brevit\u00e0, \u201cCodice Privacy\u201d).<\/p>\n<p>COOKIE TECNICI PRIMA PARTE<br \/>I Cookie utilizzati dal Titolare nello spazio web sono solo di natura tecnica e possono essere suddivisi nelle seguenti sottocategorie:<br \/>\u2013 Cookie di navigazione, per mezzo dei quali si possono salvare le preferenze di navigazione ed ottimizzare l\u2019esperienza di navigazione dell\u2019Utente.<br \/>\u2013 Cookie analytics, per mezzo dei quali si acquisiscono informazioni statistiche in merito alle modalit\u00e0 di navigazione degli utenti. Tali informazioni sono trattate in forma aggregata ed anonima.<br \/>\u2013 Cookie di funzionalit\u00e0, anche di terze parti, utilizzati per attivare specifiche funzionalit\u00e0 di questo spazio web e necessari ad erogare il servizio o migliorarlo.<br \/>Tali Cookie, come specificato al precedente paragrafo, essendo di natura tecnica, non necessitano del preventivo consenso dell\u2019Utente per essere installati ed utilizzati.<\/p>\n<p>COOKIE DI PROFILAZIONE<br \/>Questo spazio web non utilizza cookie di profilazione.<\/p>\n<p>ALTRE TIPOLOGIE DI COOKIE O STRUMENTI TERZI<br \/>Alcuni dei servizi elencati di seguito in base alla funzionalit\u00e0 offerta agli Utenti, incentrati sull\u2019uso di Cookie di terze parti, potrebbero non richiedere il consenso dell\u2019Utente. Tali terzi, inoltre, potrebbero \u2013 in aggiunta a quanto specificato nella presente policy ed anche all\u2019insaputa del Titolare \u2013 compiere ulteriori attivit\u00e0 di tracciamento dell\u2019Utente. Per informazioni dettagliate in merito, si consiglia di consultare le rispettive privacy policy dei servizi elencati, nella quale l\u2019Utente potr\u00e0 ricevere le informazioni sul relativo trattamento ed esprimere il suo consenso al riguardo. Il Titolare fa presente che in merito ai Cookie di terze parti, lo stesso ha unicamente l\u2019obbligo di inserire nella presente Cookie policy il link al sito della terza parte. \u00c8 a carico di tale soggetto, invece, l\u2019obbligo di rendere una idonea informativa in merito al trattamento effettuato nonch\u00e9 fornire informazioni agli Utenti sulle modalit\u00e0 per l\u2019eventuale blocco dei Cookie utilizzati.<\/p>\n<p>SERVIZI DI PIATTAFORMA E HOSTING<br \/>Questi servizi hanno lo scopo di ospitare e far funzionare componenti chiave di questa Applicazione, rendendo possibile l\u2019erogazione di questa Applicazione da un\u2019unica piattaforma. Queste piattaforme forniscono al Titolare un\u2019ampia gamma di strumenti quali, ad esempio, strumenti analitici, per la gestione della registrazione degli utenti, per la gestione dei commenti e del database, per il commercio elettronico, per l\u2019elaborazione dei pagamenti etc. L\u2019uso di tali strumenti comporta la raccolta e il trattamento di Dati Personali. Alcuni di questi servizi funzionano attraverso server dislocati geograficamente in luoghi differenti, rendendo difficile la determinazione del luogo esatto in cui vengono conservati i Dati Personali.<\/p>\n<p>\u2013 WordPress.com (Automattic Inc.)<br \/>WordPress.com \u00e8 una piattaforma fornita da Automattic Inc. che consente al Titolare di sviluppare, far funzionare ed ospitare questa Applicazione.<br \/>Dati Personali raccolti: varie tipologie di Dati secondo quanto specificato dalla privacy policy del servizio.<br \/>Luogo del trattamento: Stati Uniti \u2013 Privacy Policy.<\/p>\n<p>Visualizzazione di contenuti da piattaforme esterne<br \/>Questo tipo di servizi permette di visualizzare contenuti ospitati su piattaforme esterne direttamente dalle pagine di questa Applicazione e di interagire con essi. Nel caso in cui sia installato un servizio di questo tipo, \u00e8 possibile che, anche nel caso gli Utenti non utilizzino il servizio, lo stesso raccolga dati di traffico relativi alle pagine in cui \u00e8 installato.<\/p>\n<p>\u2013 Video YouTube (Google, LLC)<br \/>YouTube \u00e8 un servizio di visualizzazione di contenuti video gestito da Google LLC (\u201cGoogle\u201d), che permette a questa Applicazione di integrare tali contenuti all\u2019interno delle proprie pagine.<br \/>Dati Personali raccolti: Cookie e Dati di utilizzo.<br \/>Luogo del trattamento: Stati Uniti \u2013 Privacy Policy. Soggetto aderente al Privacy Shield.<\/p>\n<p>Statistica<br \/>I servizi contenuti nella presente sezione permettono al Titolare del Trattamento di monitorare e analizzare i dati di traffico e servono a tener traccia del comportamento dell\u2019Utente.<\/p>\n<p>\u2013 Google Analytics con IP anonimizzato (Google LLC)<br \/>Google Analytics \u00e8 un servizio di analisi web fornito da Google LLC (\u201cGoogle\u201d). Google utilizza i Dati Personali raccolti allo scopo di tracciare ed esaminare l\u2019utilizzo di questa Applicazione, compilare report e condividerli con gli altri servizi sviluppati da Google. Google potrebbe utilizzare i Dati Personali per contestualizzare e personalizzare gli annunci del proprio network pubblicitario. Questa integrazione di Google Analytics rende anonimo il tuo indirizzo IP. L\u2019anonimizzazione funziona abbreviando entro i confini degli stati membri dell\u2019Unione Europea o in altri Paesi aderenti all\u2019accordo sullo Spazio Economico Europeo l\u2019indirizzo IP degli Utenti. Solo in casi eccezionali, l\u2019indirizzo IP sar\u00e0 inviato ai server di Google ed abbreviato all\u2019interno degli Stati Uniti.<br \/>Dati Personali raccolti: Cookie e Dati di utilizzo.<br \/>Luogo del trattamento: Stati Uniti \u2013 Privacy Policy \u2013 Opt Out. Soggetto aderente al Privacy Shield.<\/p>\n<p>Controllare l\u2019installazione di Cookie<br \/>In aggiunta a quanto indicato in questo documento, l\u2019Utente pu\u00f2 gestire le preferenze relative ai Cookie direttamente all\u2019interno del proprio browser ed impedire \u2013 ad esempio \u2013 che terze parti possano installarne. Tramite le preferenze del browser \u00e8 inoltre possibile eliminare i Cookie installati in passato, incluso il Cookie in cui venga eventualmente salvato il consenso all\u2019installazione di Cookie da parte di questo sito. \u00c8 importante notare che disabilitando tutti i Cookie, il funzionamento di questo sito potrebbe essere compromesso. Puoi trovare informazioni su come gestire i Cookie nel tuo browser ai seguenti indirizzi: Google Chrome, Mozilla Firefox, Apple Safari and Microsoft Windows Explorer.<br \/>In caso di servizi erogati da terze parti, l\u2019Utente pu\u00f2 inoltre esercitare il proprio diritto ad opporsi al tracciamento informandosi tramite la privacy policy della terza parte, tramite il link di opt out se esplicitamente fornito nella presente Cookie policy o contattando direttamente la stessa.<\/p>\n<p>Riferimenti legali<br \/>Avviso agli Utenti europei: la presente informativa privacy \u00e8 redatta in adempimento degli obblighi previsti dall\u2019Art. 10 della Direttiva n. 95\/46\/CE, nonch\u00e9 a quanto previsto dalla Direttiva 2002\/58\/CE, come aggiornata dalla Direttiva 2009\/136\/CE, in materia di Cookie.<br \/>Questa informativa privacy riguarda esclusivamente questo spazio web.<br \/>I Cookie di prima parte sono, in sostanza, i Cookie impostati e gestiti dal titolare del sito. Per questi Cookie, l\u2019obbligo dell\u2019informativa, dell\u2019acquisizione dell\u2019eventuale previo consenso e\/o il possibile blocco dei Cookie spetta al titolare del sito.<br \/>I Cookie di terza parte sono i Cookie impostati da un dominio diverso da quello visitato dall\u2019Utente. Per questi Cookie, l\u2019obbligo dell\u2019informativa e dell\u2019indicazione delle modalit\u00e0 per l\u2019eventuale consenso e\/o blocco dei Cookie spetta alla terza parte, mentre al titolare del sito \u00e8 fatto solo obbligo di inserire nel sito il link al sito della terza parte ove tali elementi sono disponibili.<\/p>\n<p>Ultima modifica: Settembre 2021<\/p>\n<p>[\/et_pb_text][\/et_pb_column][et_pb_column type=&#8221;1_5&#8243; _builder_version=&#8221;3.0.47&#8243; custom_padding=&#8221;|||&#8221; custom_padding__hover=&#8221;|||&#8221;][\/et_pb_column][\/et_pb_row][\/et_pb_section]<\/p>","protected":false},"excerpt":{"rendered":"<p>[et_pb_section fb_built=&#8221;1&#8243; fullwidth=&#8221;on&#8221; _builder_version=&#8221;3.22&#8243;][et_pb_fullwidth_header title=&#8221;POLICY&#8221; text_orientation=&#8221;center&#8221; _builder_version=&#8221;4.9.7&#8243; title_font=&#8221;Montserrat|700|||||||&#8221; title_text_color=&#8221;#bb9c75&#8243; title_font_size=&#8221;35px&#8221; background_blend=&#8221;multiply&#8221; vertical_offset_tablet=&#8221;0&#8243; horizontal_offset_tablet=&#8221;0&#8243; z_index_tablet=&#8221;0&#8243; title_text_shadow_horizontal_length_tablet=&#8221;0px&#8221; title_text_shadow_vertical_length_tablet=&#8221;0px&#8221; title_text_shadow_blur_strength_tablet=&#8221;1px&#8221; content_text_shadow_horizontal_length_tablet=&#8221;0px&#8221; content_text_shadow_vertical_length_tablet=&#8221;0px&#8221; content_text_shadow_blur_strength_tablet=&#8221;1px&#8221; subhead_text_shadow_horizontal_length_tablet=&#8221;0px&#8221; subhead_text_shadow_vertical_length_tablet=&#8221;0px&#8221; subhead_text_shadow_blur_strength_tablet=&#8221;1px&#8221; content_link_text_shadow_horizontal_length_tablet=&#8221;0px&#8221; content_link_text_shadow_vertical_length_tablet=&#8221;0px&#8221; content_link_text_shadow_blur_strength_tablet=&#8221;1px&#8221; content_ul_text_shadow_horizontal_length_tablet=&#8221;0px&#8221; content_ul_text_shadow_vertical_length_tablet=&#8221;0px&#8221; content_ul_text_shadow_blur_strength_tablet=&#8221;1px&#8221; content_ol_text_shadow_horizontal_length_tablet=&#8221;0px&#8221; content_ol_text_shadow_vertical_length_tablet=&#8221;0px&#8221; content_ol_text_shadow_blur_strength_tablet=&#8221;1px&#8221; content_quote_text_shadow_horizontal_length_tablet=&#8221;0px&#8221; content_quote_text_shadow_vertical_length_tablet=&#8221;0px&#8221; content_quote_text_shadow_blur_strength_tablet=&#8221;1px&#8221; button_one_text_shadow_horizontal_length_tablet=&#8221;0px&#8221; button_one_text_shadow_vertical_length_tablet=&#8221;0px&#8221; button_one_text_shadow_blur_strength_tablet=&#8221;1px&#8221; button_two_text_shadow_horizontal_length_tablet=&#8221;0px&#8221; button_two_text_shadow_vertical_length_tablet=&#8221;0px&#8221; button_two_text_shadow_blur_strength_tablet=&#8221;1px&#8221; box_shadow_horizontal_tablet=&#8221;0px&#8221; box_shadow_vertical_tablet=&#8221;0px&#8221; box_shadow_blur_tablet=&#8221;40px&#8221; box_shadow_spread_tablet=&#8221;0px&#8221; box_shadow_horizontal_image_tablet=&#8221;0px&#8221; box_shadow_vertical_image_tablet=&#8221;0px&#8221; box_shadow_blur_image_tablet=&#8221;40px&#8221; box_shadow_spread_image_tablet=&#8221;0px&#8221; box_shadow_horizontal_button_one_tablet=&#8221;0px&#8221; box_shadow_vertical_button_one_tablet=&#8221;0px&#8221; box_shadow_blur_button_one_tablet=&#8221;40px&#8221; box_shadow_spread_button_one_tablet=&#8221;0px&#8221; box_shadow_horizontal_button_two_tablet=&#8221;0px&#8221; box_shadow_vertical_button_two_tablet=&#8221;0px&#8221; [&hellip;]<\/p>","protected":false},"author":1,"featured_media":0,"parent":0,"menu_order":0,"comment_status":"closed","ping_status":"closed","template":"","meta":{"_et_pb_use_builder":"on","_et_pb_old_content":"","_et_gb_content_width":"","footnotes":""},"class_list":["post-270","page","type-page","status-publish","hentry"],"_links":{"self":[{"href":"https:\/\/www.tognotti.net\/eng\/wp-json\/wp\/v2\/pages\/270","targetHints":{"allow":["GET"]}}],"collection":[{"href":"https:\/\/www.tognotti.net\/eng\/wp-json\/wp\/v2\/pages"}],"about":[{"href":"https:\/\/www.tognotti.net\/eng\/wp-json\/wp\/v2\/types\/page"}],"author":[{"embeddable":true,"href":"https:\/\/www.tognotti.net\/eng\/wp-json\/wp\/v2\/users\/1"}],"replies":[{"embeddable":true,"href":"https:\/\/www.tognotti.net\/eng\/wp-json\/wp\/v2\/comments?post=270"}],"version-history":[{"count":3,"href":"https:\/\/www.tognotti.net\/eng\/wp-json\/wp\/v2\/pages\/270\/revisions"}],"predecessor-version":[{"id":346,"href":"https:\/\/www.tognotti.net\/eng\/wp-json\/wp\/v2\/pages\/270\/revisions\/346"}],"wp:attachment":[{"href":"https:\/\/www.tognotti.net\/eng\/wp-json\/wp\/v2\/media?parent=270"}],"curies":[{"name":"wp","href":"https:\/\/api.w.org\/{rel}","templated":true}]}}